{"id":6,"date":"2023-12-20T21:35:15","date_gmt":"2023-12-20T21:35:15","guid":{"rendered":"https:\/\/inclusivivo.it\/?page_id=6"},"modified":"2023-12-20T22:35:05","modified_gmt":"2023-12-20T22:35:05","slug":"inclusivivo","status":"publish","type":"page","link":"https:\/\/inclusivivo.it\/","title":{"rendered":"INCLUSIVIVO"},"content":{"rendered":"\t\t<div data-elementor-type=\"wp-page\" data-elementor-id=\"6\" class=\"elementor elementor-6\">\n\t\t\t\t\t\t\t<div class=\"elementor-element elementor-element-40c1d086 e-con-full e-flex e-con e-parent\" data-id=\"40c1d086\" data-element_type=\"container\" data-settings=\"{&quot;content_width&quot;:&quot;full&quot;}\" data-core-v316-plus=\"true\">\n\t\t\t\t<div class=\"elementor-element elementor-element-e0ae551 elementor-widget elementor-widget-image\" data-id=\"e0ae551\" data-element_type=\"widget\" data-widget_type=\"image.default\">\n\t\t\t\t<div class=\"elementor-widget-container\">\n\t\t\t<style>\/*! elementor - v3.18.0 - 20-12-2023 *\/\n.elementor-widget-image{text-align:center}.elementor-widget-image a{display:inline-block}.elementor-widget-image a img[src$=\".svg\"]{width:48px}.elementor-widget-image img{vertical-align:middle;display:inline-block}<\/style>\t\t\t\t\t\t\t\t\t\t\t\t<img fetchpriority=\"high\" decoding=\"async\" width=\"724\" height=\"1024\" src=\"https:\/\/inclusivivo.it\/wp-content\/uploads\/2023\/12\/inclusivivo-1-724x1024.png\" class=\"attachment-large size-large wp-image-35\" alt=\"\" srcset=\"https:\/\/inclusivivo.it\/wp-content\/uploads\/2023\/12\/inclusivivo-1-724x1024.png 724w, https:\/\/inclusivivo.it\/wp-content\/uploads\/2023\/12\/inclusivivo-1-212x300.png 212w, https:\/\/inclusivivo.it\/wp-content\/uploads\/2023\/12\/inclusivivo-1-768x1086.png 768w, https:\/\/inclusivivo.it\/wp-content\/uploads\/2023\/12\/inclusivivo-1-1086x1536.png 1086w, https:\/\/inclusivivo.it\/wp-content\/uploads\/2023\/12\/inclusivivo-1-1448x2048.png 1448w, https:\/\/inclusivivo.it\/wp-content\/uploads\/2023\/12\/inclusivivo-1.png 1654w\" sizes=\"(max-width: 724px) 100vw, 724px\" \/>\t\t\t\t\t\t\t\t\t\t\t\t\t\t\t<\/div>\n\t\t\t\t<\/div>\n\t\t\t\t<div class=\"elementor-element elementor-element-0b21f81 elementor-widget elementor-widget-text-editor\" data-id=\"0b21f81\" data-element_type=\"widget\" data-widget_type=\"text-editor.default\">\n\t\t\t\t<div class=\"elementor-widget-container\">\n\t\t\t<style>\/*! elementor - v3.18.0 - 20-12-2023 *\/\n.elementor-widget-text-editor.elementor-drop-cap-view-stacked .elementor-drop-cap{background-color:#69727d;color:#fff}.elementor-widget-text-editor.elementor-drop-cap-view-framed .elementor-drop-cap{color:#69727d;border:3px solid;background-color:transparent}.elementor-widget-text-editor:not(.elementor-drop-cap-view-default) .elementor-drop-cap{margin-top:8px}.elementor-widget-text-editor:not(.elementor-drop-cap-view-default) .elementor-drop-cap-letter{width:1em;height:1em}.elementor-widget-text-editor .elementor-drop-cap{float:left;text-align:center;line-height:1;font-size:50px}.elementor-widget-text-editor .elementor-drop-cap-letter{display:inline-block}<\/style>\t\t\t\t<p>Siamo sostenitori del valore e delle opportunit\u00e0 che offrono diversit\u00e0 e inclusione e ci impegniamo a costruire un mondo in cui ogni individuo possa vivere pienamente e autenticamente, senza discriminazioni o pregiudizi.&nbsp;<\/p><p>Con questo spirito, proclamiamo il nostro manifesto per vivere inclusivi:<\/p>\n<p><!-- \/wp:paragraph --><!-- wp:list {\"ordered\":true} --><\/p>\n<ol>\n<li style=\"list-style-type: none;\">\n<ol><!-- wp:list-item --><\/ol>\n<\/li>\n<\/ol>\n<ol>\n<li style=\"list-style-type: none;\">\n<ol>\n<li><strong>Accettazione della Diversit\u00e0:<\/strong> Riconosciamo e accettiamo la diversit\u00e0 in tutte le sue forme, che includono ma non si limitano a etnia, genere, orientamento sessuale, abilit\u00e0, religione, e background socio-economico. Crediamo che la diversit\u00e0 arricchisca il tessuto della nostra societ\u00e0.<\/li>\n<li><strong style=\"color: var( --e-global-color-text ); font-family: var( --e-global-typography-text-font-family ), Sans-serif; text-align: var(--text-align); font-size: var(--wp--preset--font-size--medium); background-color: var(--wp--preset--color--base);\">Uguaglianza di Opportunit\u00e0:<\/strong><span style=\"color: var( --e-global-color-text ); font-family: var( --e-global-typography-text-font-family ), Sans-serif; font-weight: var( --e-global-typography-text-font-weight ); text-align: var(--text-align); font-size: var(--wp--preset--font-size--medium); background-color: var(--wp--preset--color--base);\"> Sosteniamo l&#8217;uguaglianza di opportunit\u00e0 per tutti. Ogni individuo dovrebbe avere accesso agli stessi diritti, risorse e possibilit\u00e0 di realizzare il proprio potenziale, indipendentemente dalla sua identit\u00e0.<\/span><\/li>\n<li><strong style=\"color: var( --e-global-color-text ); font-family: var( --e-global-typography-text-font-family ), Sans-serif; text-align: var(--text-align); background-color: var(--wp--preset--color--base); font-size: var(--wp--preset--font-size--medium);\">Rispetto e Empatia:<\/strong><span style=\"color: var( --e-global-color-text ); font-family: var( --e-global-typography-text-font-family ), Sans-serif; font-weight: var( --e-global-typography-text-font-weight ); text-align: var(--text-align); background-color: var(--wp--preset--color--base); font-size: var(--wp--preset--font-size--medium);\"> Forniamo un ambiente in cui il rispetto reciproco \u00e8 fondamentale. Ci impegniamo a comprendere le esperienze degli altri, a praticare l&#8217;empatia e a promuovere un dialogo costruttivo che favorisca la comprensione reciproca.<\/span><\/li>\n<li><strong style=\"color: var( --e-global-color-text ); font-family: var( --e-global-typography-text-font-family ), Sans-serif; text-align: var(--text-align); background-color: var(--wp--preset--color--base); font-size: var(--wp--preset--font-size--medium);\">Ambienti Inclusivi:<\/strong><span style=\"color: var( --e-global-color-text ); font-family: var( --e-global-typography-text-font-family ), Sans-serif; font-weight: var( --e-global-typography-text-font-weight ); text-align: var(--text-align); background-color: var(--wp--preset--color--base); font-size: var(--wp--preset--font-size--medium);\"> Creiamo spazi e contesti che siano inclusivi e accoglienti per tutti. Promuoviamo l&#8217;accessibilit\u00e0 fisica ed emotiva, garantendo che nessuno si senta escluso o discriminato.<\/span><\/li>\n<li><strong style=\"color: var( --e-global-color-text ); font-family: var( --e-global-typography-text-font-family ), Sans-serif; text-align: var(--text-align); background-color: var(--wp--preset--color--base); font-size: var(--wp--preset--font-size--medium);\">Educazione e Consapevolezza:<\/strong><span style=\"color: var( --e-global-color-text ); font-family: var( --e-global-typography-text-font-family ), Sans-serif; font-weight: var( --e-global-typography-text-font-weight ); text-align: var(--text-align); background-color: var(--wp--preset--color--base); font-size: var(--wp--preset--font-size--medium);\"> Investiamo nell&#8217;educazione e nella sensibilizzazione per diffondere la consapevolezza sui temi legati all&#8217;inclusione. Promuoviamo la conoscenza e la comprensione delle diverse prospettive culturali, sociali e individuali.<\/span><\/li>\n<li><strong style=\"color: var( --e-global-color-text ); font-family: var( --e-global-typography-text-font-family ), Sans-serif; text-align: var(--text-align); background-color: var(--wp--preset--color--base); font-size: var(--wp--preset--font-size--medium);\">Combattere la Discriminazione:<\/strong><span style=\"color: var( --e-global-color-text ); font-family: var( --e-global-typography-text-font-family ), Sans-serif; font-weight: var( --e-global-typography-text-font-weight ); text-align: var(--text-align); background-color: var(--wp--preset--color--base); font-size: var(--wp--preset--font-size--medium);\"> Ci opponiamo attivamente a qualsiasi forma di discriminazione e lavoriamo insieme per sradicarla. Ci impegniamo a sfidare stereotipi dannosi e a promuovere una cultura di rispetto reciproco.<\/span><\/li>\n<li><strong style=\"color: var( --e-global-color-text ); font-family: var( --e-global-typography-text-font-family ), Sans-serif; text-align: var(--text-align); background-color: var(--wp--preset--color--base); font-size: var(--wp--preset--font-size--medium);\">Collaborazione Globale:<\/strong><span style=\"color: var( --e-global-color-text ); font-family: var( --e-global-typography-text-font-family ), Sans-serif; font-weight: var( --e-global-typography-text-font-weight ); text-align: var(--text-align); background-color: var(--wp--preset--color--base); font-size: var(--wp--preset--font-size--medium);\"> Riconosciamo che la sfida dell&#8217;inclusione \u00e8 globale e che il nostro impegno deve estendersi oltre confini nazionali e culturali. Collaboriamo con individui, organizzazioni e istituzioni per creare un impatto positivo a livello mondiale.<\/span><\/li>\n<li><strong style=\"color: var( --e-global-color-text ); font-family: var( --e-global-typography-text-font-family ), Sans-serif; text-align: var(--text-align); background-color: var(--wp--preset--color--base); font-size: var(--wp--preset--font-size--medium);\">Valorizzazione delle Differenze:<\/strong><span style=\"color: var( --e-global-color-text ); font-family: var( --e-global-typography-text-font-family ), Sans-serif; font-weight: var( --e-global-typography-text-font-weight ); text-align: var(--text-align); background-color: var(--wp--preset--color--base); font-size: var(--wp--preset--font-size--medium);\"> Facciamo leva sulle differenze come fonte di forza e innovazione. Riconosciamo che \u00e8 nella diversit\u00e0 che troviamo la ricchezza della nostra umanit\u00e0 e lavoriamo insieme per costruire un mondo in cui ciascuno possa contribuire con il proprio unico bagaglio di esperienze e talenti.<\/span><\/li>\n<li><strong style=\"color: var( --e-global-color-text ); font-family: var( --e-global-typography-text-font-family ), Sans-serif; text-align: var(--text-align); background-color: var(--wp--preset--color--base); font-size: var(--wp--preset--font-size--medium);\">Responsabilit\u00e0 Individuale e Collettiva:<\/strong><span style=\"color: var( --e-global-color-text ); font-family: var( --e-global-typography-text-font-family ), Sans-serif; font-weight: var( --e-global-typography-text-font-weight ); text-align: var(--text-align); background-color: var(--wp--preset--color--base); font-size: var(--wp--preset--font-size--medium);\"> Ciascuno di noi si impegna a essere un agente di cambiamento. Riconosciamo la nostra responsabilit\u00e0 individuale e collettiva nel promuovere un ambiente inclusivo, sfidando gli atteggiamenti discriminatori e lavorando per un mondo in cui tutti possano trovare la propria dimensione.<\/span><\/li>\n<li><strong style=\"color: var( --e-global-color-text ); font-family: var( --e-global-typography-text-font-family ), Sans-serif; text-align: var(--text-align); background-color: var(--wp--preset--color--base); font-size: var(--wp--preset--font-size--medium);\">Progresso Continuo:<\/strong><span style=\"color: var( --e-global-color-text ); font-family: var( --e-global-typography-text-font-family ), Sans-serif; font-weight: var( --e-global-typography-text-font-weight ); text-align: var(--text-align); background-color: var(--wp--preset--color--base); font-size: var(--wp--preset--font-size--medium);\"> Sosteniamo che la costruzione di un mondo veramente inclusivo richieda un impegno continuo e il coraggio di affrontare le sfide. Siamo aperti al cambiamento, all&#8217;apprendimento e all&#8217;evoluzione per migliorare costantemente come individui e come societ\u00e0.<\/span><\/li>\n<\/ol>\n<\/li>\n<\/ol>\n<p><!-- \/wp:list-item --><\/p>\n<p><!-- \/wp:list --><!-- wp:paragraph --><\/p>\n<p>Con questo manifesto, ci uniamo come sostenitori dell&#8217;inclusione, impegnandoci a costruire un mondo in cui ogni individuo sia libero di vivere, amare e prosperare, senza alcuna forma di discriminazione o marginalizzazione.<\/p>\n<div class=\"wp-block-group\">\n<p><!-- \/wp:paragraph --><!-- wp:buttons --><\/p>\n<\/div>\t\t\t\t\t\t<\/div>\n\t\t\t\t<\/div>\n\t\t\t\t<div class=\"elementor-element elementor-element-659b2181 elementor-widget elementor-widget-text-editor\" data-id=\"659b2181\" data-element_type=\"widget\" data-widget_type=\"text-editor.default\">\n\t\t\t\t<div class=\"elementor-widget-container\">\n\t\t\t\t\t\t\t\t\t\t\t\t\t<\/div>\n\t\t\t\t<\/div>\n\t\t\t\t<\/div>\n\t\t<div class=\"elementor-element elementor-element-e6e6a48 e-flex e-con-boxed e-con e-parent\" data-id=\"e6e6a48\" data-element_type=\"container\" data-settings=\"{&quot;background_background&quot;:&quot;classic&quot;,&quot;content_width&quot;:&quot;boxed&quot;}\" data-core-v316-plus=\"true\">\n\t\t\t\t\t<div class=\"e-con-inner\">\n\t\t\t\t<div class=\"elementor-element elementor-element-9061557 elementor-widget elementor-widget-text-editor\" data-id=\"9061557\" data-element_type=\"widget\" data-widget_type=\"text-editor.default\">\n\t\t\t\t<div class=\"elementor-widget-container\">\n\t\t\t\t\t\t\t<p><em>\u201cL\u2019inclusione non \u00e8 solo una \u2018opzione\u2019 o una \u2018teoria\u2019; \u00e8\u00a0un movimento che deve essere implementato per creare un cambio sociale reale.\u201d<\/em><\/p>\n<p>Angela Davis<br \/>Attivista USA<\/p>\t\t\t\t\t\t<\/div>\n\t\t\t\t<\/div>\n\t\t\t\t\t<\/div>\n\t\t\t\t<\/div>\n\t\t<div class=\"elementor-element elementor-element-14941cb e-flex e-con-boxed e-con e-parent\" data-id=\"14941cb\" data-element_type=\"container\" data-settings=\"{&quot;content_width&quot;:&quot;boxed&quot;}\" data-core-v316-plus=\"true\">\n\t\t\t\t\t<div class=\"e-con-inner\">\n\t\t\t\t<div class=\"elementor-element elementor-element-ae03db0 elementor-widget elementor-widget-text-editor\" data-id=\"ae03db0\" data-element_type=\"widget\" data-widget_type=\"text-editor.default\">\n\t\t\t\t<div class=\"elementor-widget-container\">\n\t\t\t\t\t\t\t<p style=\"text-align: center;\"><strong><a href=\"mailto:info@inclusivivo.it\">info@inclusivivo.it<\/a><\/strong><\/p>\t\t\t\t\t\t<\/div>\n\t\t\t\t<\/div>\n\t\t\t\t\t<\/div>\n\t\t\t\t<\/div>\n\t\t\t\t\t\t\t<\/div>\n\t\t","protected":false},"excerpt":{"rendered":"<p>Siamo sostenitori del valore e delle opportunit\u00e0 che offrono diversit\u00e0 e inclusione e ci impegniamo a costruire un mondo in cui ogni individuo possa vivere pienamente e autenticamente, senza discriminazioni o pregiudizi.&nbsp; Con questo spirito, proclamiamo il nostro manifesto per vivere inclusivi: Accettazione della Diversit\u00e0: Riconosciamo e accettiamo la diversit\u00e0 in tutte le sue forme, [&hellip;]<\/p>\n","protected":false},"author":1,"featured_media":0,"parent":0,"menu_order":0,"comment_status":"closed","ping_status":"closed","template":"","meta":{"footnotes":""},"class_list":["post-6","page","type-page","status-publish","hentry"],"_links":{"self":[{"href":"https:\/\/inclusivivo.it\/index.php?rest_route=\/wp\/v2\/pages\/6","targetHints":{"allow":["GET"]}}],"collection":[{"href":"https:\/\/inclusivivo.it\/index.php?rest_route=\/wp\/v2\/pages"}],"about":[{"href":"https:\/\/inclusivivo.it\/index.php?rest_route=\/wp\/v2\/types\/page"}],"author":[{"embeddable":true,"href":"https:\/\/inclusivivo.it\/index.php?rest_route=\/wp\/v2\/users\/1"}],"replies":[{"embeddable":true,"href":"https:\/\/inclusivivo.it\/index.php?rest_route=%2Fwp%2Fv2%2Fcomments&post=6"}],"version-history":[{"count":43,"href":"https:\/\/inclusivivo.it\/index.php?rest_route=\/wp\/v2\/pages\/6\/revisions"}],"predecessor-version":[{"id":62,"href":"https:\/\/inclusivivo.it\/index.php?rest_route=\/wp\/v2\/pages\/6\/revisions\/62"}],"wp:attachment":[{"href":"https:\/\/inclusivivo.it\/index.php?rest_route=%2Fwp%2Fv2%2Fmedia&parent=6"}],"curies":[{"name":"wp","href":"https:\/\/api.w.org\/{rel}","templated":true}]}}